{"id":17,"date":"2024-07-12T15:14:19","date_gmt":"2024-07-12T15:14:19","guid":{"rendered":"https:\/\/bararias.rkinformatika.online\/?page_id=17"},"modified":"2025-01-17T12:15:10","modified_gmt":"2025-01-17T12:15:10","slug":"servicios","status":"publish","type":"page","link":"https:\/\/koymajardineria.com\/eu\/servicios\/","title":{"rendered":"Zerbitzuak"},"content":{"rendered":"<div data-elementor-type=\"wp-page\" data-elementor-id=\"17\" class=\"elementor elementor-17\" data-elementor-post-type=\"page\">\n\t\t\t\t<div class=\"elementor-element elementor-element-b28672c e-flex e-con-boxed e-con e-parent\" data-id=\"b28672c\" data-element_type=\"container\" data-e-type=\"container\" data-settings=\"{&quot;background_background&quot;:&quot;classic&quot;}\">\n\t\t\t\t\t<div class=\"e-con-inner\">\n\t\t\t\t<div class=\"elementor-element elementor-element-e8ec26e elementor-widget elementor-widget-heading\" data-id=\"e8ec26e\" data-element_type=\"widget\" data-e-type=\"widget\" data-widget_type=\"heading.default\">\n\t\t\t\t<div class=\"elementor-widget-container\">\n\t\t\t\t\t<h2 class=\"elementor-heading-title elementor-size-default\">SERVICIOS<\/h2>\t\t\t\t<\/div>\n\t\t\t\t<\/div>\n\t\t\t\t\t<\/div>\n\t\t\t\t<\/div>\n\t\t<div class=\"elementor-element elementor-element-254ec09 e-flex e-con-boxed e-con e-parent\" data-id=\"254ec09\" data-element_type=\"container\" data-e-type=\"container\">\n\t\t\t\t\t<div class=\"e-con-inner\">\n\t\t\t\t<div class=\"elementor-element elementor-element-e190f85 elementor-widget elementor-widget-heading\" data-id=\"e190f85\" data-element_type=\"widget\" data-e-type=\"widget\" data-widget_type=\"heading.default\">\n\t\t\t\t<div class=\"elementor-widget-container\">\n\t\t\t\t\t<h2 class=\"elementor-heading-title elementor-size-default\">Conf\u00ede en nuestra experiencia para mantener sus espacios verdes impecables<\/h2>\t\t\t\t<\/div>\n\t\t\t\t<\/div>\n\t\t\t\t\t<\/div>\n\t\t\t\t<\/div>\n\t\t<div class=\"elementor-element elementor-element-a80daf5 e-flex e-con-boxed e-con e-parent\" data-id=\"a80daf5\" data-element_type=\"container\" data-e-type=\"container\">\n\t\t\t\t\t<div class=\"e-con-inner\">\n\t\t<div class=\"elementor-element elementor-element-6eb9b46 e-con-full e-flex e-con e-child\" data-id=\"6eb9b46\" data-element_type=\"container\" data-e-type=\"container\">\n\t\t\t\t<div class=\"elementor-element elementor-element-ead8821 elementor-position-top elementor-widget elementor-widget-image-box\" data-id=\"ead8821\" data-element_type=\"widget\" data-e-type=\"widget\" data-widget_type=\"image-box.default\">\n\t\t\t\t<div class=\"elementor-widget-container\">\n\t\t\t\t\t<div class=\"elementor-image-box-wrapper\"><figure class=\"elementor-image-box-img\"><img fetchpriority=\"high\" decoding=\"async\" width=\"2560\" height=\"1920\" src=\"https:\/\/koymajardineria.com\/wp-content\/uploads\/2025\/01\/IMG_20140606_140129-koldo-Onandia-Pedrajas-scaled.jpg\" class=\"attachment-full size-full wp-image-777\" alt=\"\" srcset=\"https:\/\/koymajardineria.com\/wp-content\/uploads\/2025\/01\/IMG_20140606_140129-koldo-Onandia-Pedrajas-scaled.jpg 2560w, https:\/\/koymajardineria.com\/wp-content\/uploads\/2025\/01\/IMG_20140606_140129-koldo-Onandia-Pedrajas-300x225.jpg 300w, https:\/\/koymajardineria.com\/wp-content\/uploads\/2025\/01\/IMG_20140606_140129-koldo-Onandia-Pedrajas-1024x768.jpg 1024w, https:\/\/koymajardineria.com\/wp-content\/uploads\/2025\/01\/IMG_20140606_140129-koldo-Onandia-Pedrajas-768x576.jpg 768w, https:\/\/koymajardineria.com\/wp-content\/uploads\/2025\/01\/IMG_20140606_140129-koldo-Onandia-Pedrajas-1536x1152.jpg 1536w, https:\/\/koymajardineria.com\/wp-content\/uploads\/2025\/01\/IMG_20140606_140129-koldo-Onandia-Pedrajas-2048x1536.jpg 2048w, https:\/\/koymajardineria.com\/wp-content\/uploads\/2025\/01\/IMG_20140606_140129-koldo-Onandia-Pedrajas-16x12.jpg 16w\" sizes=\"(max-width: 2560px) 100vw, 2560px\" \/><\/figure><div class=\"elementor-image-box-content\"><h3 class=\"elementor-image-box-title\">Construcci\u00f3n de Jardines<\/h3><p class=\"elementor-image-box-description\">\nSelecci\u00f3n de Plantas: Elegimos especies que se adapten al clima, suelo y est\u00e9tica del lugar, garantizando un crecimiento saludable.\n<br><br>\nInstalaci\u00f3n de Elementos Decorativos: Incorporamos detalles como senderos, fuentes, p\u00e9rgolas y sistemas de iluminaci\u00f3n para realzar la belleza del jard\u00edn.\n<br><br>\nSistemas de Riego Automatizados: Instalamos sistemas eficientes para asegurar el cuidado adecuado de tus plantas con m\u00ednimo esfuerzo.<\/p><\/div><\/div>\t\t\t\t<\/div>\n\t\t\t\t<\/div>\n\t\t\t\t<\/div>\n\t\t<div class=\"elementor-element elementor-element-5729129 e-con-full e-flex e-con e-child\" data-id=\"5729129\" data-element_type=\"container\" data-e-type=\"container\">\n\t\t\t\t<div class=\"elementor-element elementor-element-d11f883 elementor-position-top elementor-widget elementor-widget-image-box\" data-id=\"d11f883\" data-element_type=\"widget\" data-e-type=\"widget\" data-widget_type=\"image-box.default\">\n\t\t\t\t<div class=\"elementor-widget-container\">\n\t\t\t\t\t<div class=\"elementor-image-box-wrapper\"><figure class=\"elementor-image-box-img\"><img decoding=\"async\" width=\"2560\" height=\"1920\" src=\"https:\/\/koymajardineria.com\/wp-content\/uploads\/2025\/01\/P1010820-koldo-Onandia-Pedrajas-scaled.jpg\" class=\"attachment-full size-full wp-image-821\" alt=\"\" srcset=\"https:\/\/koymajardineria.com\/wp-content\/uploads\/2025\/01\/P1010820-koldo-Onandia-Pedrajas-scaled.jpg 2560w, https:\/\/koymajardineria.com\/wp-content\/uploads\/2025\/01\/P1010820-koldo-Onandia-Pedrajas-300x225.jpg 300w, https:\/\/koymajardineria.com\/wp-content\/uploads\/2025\/01\/P1010820-koldo-Onandia-Pedrajas-1024x768.jpg 1024w, https:\/\/koymajardineria.com\/wp-content\/uploads\/2025\/01\/P1010820-koldo-Onandia-Pedrajas-768x576.jpg 768w, https:\/\/koymajardineria.com\/wp-content\/uploads\/2025\/01\/P1010820-koldo-Onandia-Pedrajas-1536x1152.jpg 1536w, https:\/\/koymajardineria.com\/wp-content\/uploads\/2025\/01\/P1010820-koldo-Onandia-Pedrajas-2048x1536.jpg 2048w, https:\/\/koymajardineria.com\/wp-content\/uploads\/2025\/01\/P1010820-koldo-Onandia-Pedrajas-16x12.jpg 16w\" sizes=\"(max-width: 2560px) 100vw, 2560px\" \/><\/figure><div class=\"elementor-image-box-content\"><h3 class=\"elementor-image-box-title\">Mantenimiento de Jardines<\/h3><p class=\"elementor-image-box-description\">Poda y Desbroce: Eliminamos ramas da\u00f1adas, maleza y hierbas no deseadas para garantizar un crecimiento saludable y ordenado.\n<br><br>\nLimpieza de Jardines: Retiramos hojas secas, restos org\u00e1nicos y otros desechos para mantener la est\u00e9tica del espacio.\n<br><br>\nCuidado de Plantas: Fertilizaci\u00f3n, riego y tratamientos fitosanitarios para prevenir plagas y enfermedades.\n<br><br>\nMantenimiento de C\u00e9sped: Corte, aireaci\u00f3n y resiembra para un c\u00e9sped siempre verde y uniforme.\n<br><br>\nSupervisi\u00f3n Peri\u00f3dica: Inspecciones regulares para identificar y solucionar problemas a tiempo.<\/p><\/div><\/div>\t\t\t\t<\/div>\n\t\t\t\t<\/div>\n\t\t\t\t<\/div>\n\t\t\t\t\t<\/div>\n\t\t\t\t<\/div>\n\t\t<div class=\"elementor-element elementor-element-e0a0fab e-flex e-con-boxed e-con e-parent\" data-id=\"e0a0fab\" data-element_type=\"container\" data-e-type=\"container\">\n\t\t\t\t\t<div class=\"e-con-inner\">\n\t\t<div class=\"elementor-element elementor-element-7a0a14c e-con-full e-flex e-con e-child\" data-id=\"7a0a14c\" data-element_type=\"container\" data-e-type=\"container\">\n\t\t\t\t<div class=\"elementor-element elementor-element-c81b12e elementor-position-top elementor-widget elementor-widget-image-box\" data-id=\"c81b12e\" data-element_type=\"widget\" data-e-type=\"widget\" data-widget_type=\"image-box.default\">\n\t\t\t\t<div class=\"elementor-widget-container\">\n\t\t\t\t\t<div class=\"elementor-image-box-wrapper\"><figure class=\"elementor-image-box-img\"><img decoding=\"async\" width=\"1500\" height=\"1000\" src=\"https:\/\/koymajardineria.com\/wp-content\/uploads\/2025\/01\/Design-sem-nome-1.png\" class=\"attachment-full size-full wp-image-873\" alt=\"\" srcset=\"https:\/\/koymajardineria.com\/wp-content\/uploads\/2025\/01\/Design-sem-nome-1.png 1500w, https:\/\/koymajardineria.com\/wp-content\/uploads\/2025\/01\/Design-sem-nome-1-300x200.png 300w, https:\/\/koymajardineria.com\/wp-content\/uploads\/2025\/01\/Design-sem-nome-1-1024x683.png 1024w, https:\/\/koymajardineria.com\/wp-content\/uploads\/2025\/01\/Design-sem-nome-1-768x512.png 768w, https:\/\/koymajardineria.com\/wp-content\/uploads\/2025\/01\/Design-sem-nome-1-18x12.png 18w\" sizes=\"(max-width: 1500px) 100vw, 1500px\" \/><\/figure><div class=\"elementor-image-box-content\"><h3 class=\"elementor-image-box-title\">Servicios de Desbroces<\/h3><p class=\"elementor-image-box-description\">Limpieza de Terrenos: Eliminamos maleza, hierbas altas y vegetaci\u00f3n no deseada para mantener el \u00e1rea despejada.\n<br><br>\nPrevenci\u00f3n de Incendios: Desbrozamos terrenos y jardines en \u00e1reas de riesgo, reduciendo la acumulaci\u00f3n de materiales inflamables.\n<br><br>\nMantenimiento de Caminos y Senderos: Desbrozamos vegetaci\u00f3n que pueda obstaculizar el acceso o tr\u00e1nsito seguro.\n<br><\/p><\/div><\/div>\t\t\t\t<\/div>\n\t\t\t\t<\/div>\n\t\t\t\t<\/div>\n\t\t<div class=\"elementor-element elementor-element-9e280a5 e-con-full e-flex e-con e-child\" data-id=\"9e280a5\" data-element_type=\"container\" data-e-type=\"container\">\n\t\t\t\t<div class=\"elementor-element elementor-element-bda05dd elementor-position-top elementor-widget elementor-widget-image-box\" data-id=\"bda05dd\" data-element_type=\"widget\" data-e-type=\"widget\" data-widget_type=\"image-box.default\">\n\t\t\t\t<div class=\"elementor-widget-container\">\n\t\t\t\t\t<div class=\"elementor-image-box-wrapper\"><figure class=\"elementor-image-box-img\"><img loading=\"lazy\" decoding=\"async\" width=\"2048\" height=\"1360\" src=\"https:\/\/koymajardineria.com\/wp-content\/uploads\/2025\/01\/P1010849-koldo-Onandia-Pedrajas.jpg\" class=\"attachment-full size-full wp-image-796\" alt=\"\" srcset=\"https:\/\/koymajardineria.com\/wp-content\/uploads\/2025\/01\/P1010849-koldo-Onandia-Pedrajas.jpg 2048w, https:\/\/koymajardineria.com\/wp-content\/uploads\/2025\/01\/P1010849-koldo-Onandia-Pedrajas-300x199.jpg 300w, https:\/\/koymajardineria.com\/wp-content\/uploads\/2025\/01\/P1010849-koldo-Onandia-Pedrajas-1024x680.jpg 1024w, https:\/\/koymajardineria.com\/wp-content\/uploads\/2025\/01\/P1010849-koldo-Onandia-Pedrajas-768x510.jpg 768w, https:\/\/koymajardineria.com\/wp-content\/uploads\/2025\/01\/P1010849-koldo-Onandia-Pedrajas-1536x1020.jpg 1536w, https:\/\/koymajardineria.com\/wp-content\/uploads\/2025\/01\/P1010849-koldo-Onandia-Pedrajas-18x12.jpg 18w\" sizes=\"(max-width: 2048px) 100vw, 2048px\" \/><\/figure><div class=\"elementor-image-box-content\"><h3 class=\"elementor-image-box-title\">Servicios de Podas<\/h3><p class=\"elementor-image-box-description\">Poda de \u00c1rboles y Arbustos: Retiramos ramas da\u00f1adas, enfermas o mal ubicadas para fomentar un crecimiento saludable y seguro.\n<br><br>\nPoda de Formaci\u00f3n: Damos forma a los \u00e1rboles y arbustos j\u00f3venes, ayud\u00e1ndoles a crecer con una estructura s\u00f3lida y est\u00e9tica.\n<br><br>\nPoda de Mantenimiento: Conservamos la forma y tama\u00f1o de sus plantas para mantener la armon\u00eda en el dise\u00f1o del jard\u00edn.\n<br><br>\nPoda de Altura: Trabajamos en \u00e1rboles altos con equipos especializados para garantizar un trabajo seguro y eficaz.\n<br><\/p><\/div><\/div>\t\t\t\t<\/div>\n\t\t\t\t<\/div>\n\t\t\t\t<\/div>\n\t\t\t\t\t<\/div>\n\t\t\t\t<\/div>\n\t\t<div class=\"elementor-element elementor-element-5f81c3e e-flex e-con-boxed e-con e-parent\" data-id=\"5f81c3e\" data-element_type=\"container\" data-e-type=\"container\">\n\t\t\t\t\t<div class=\"e-con-inner\">\n\t\t\t\t<div class=\"elementor-element elementor-element-a5dad73 elementor-cta--skin-classic elementor-animated-content elementor-bg-transform elementor-bg-transform-zoom-in elementor-widget elementor-widget-call-to-action\" data-id=\"a5dad73\" data-element_type=\"widget\" data-e-type=\"widget\" data-widget_type=\"call-to-action.default\">\n\t\t\t\t<div class=\"elementor-widget-container\">\n\t\t\t\t\t\t\t<div class=\"elementor-cta\">\n\t\t\t\t\t<div class=\"elementor-cta__bg-wrapper\">\n\t\t\t\t<div class=\"elementor-cta__bg elementor-bg\" style=\"background-image: url(https:\/\/koymajardineria.com\/wp-content\/uploads\/2025\/01\/2148905279-1024x683.jpg);\" role=\"img\" aria-label=\"2148905279\"><\/div>\n\t\t\t\t<div class=\"elementor-cta__bg-overlay\"><\/div>\n\t\t\t<\/div>\n\t\t\t\t\t\t\t<div class=\"elementor-cta__content\">\n\t\t\t\t\n\t\t\t\t\t\t\t\t\t<h2 class=\"elementor-cta__title elementor-cta__content-item elementor-content-item\">\n\t\t\t\t\t\tFidatu gugan zure lorategia eraldatu eta mantentzeko!\t\t\t\t\t<\/h2>\n\t\t\t\t\n\t\t\t\t\n\t\t\t\t\t\t\t\t\t<div class=\"elementor-cta__button-wrapper elementor-cta__content-item elementor-content-item\">\n\t\t\t\t\t<a class=\"elementor-cta__button elementor-button elementor-size-\" href=\"https:\/\/koymajardineria.com\/eu\/contacto\/\">\n\t\t\t\t\t\tCont\u00e1ctanos\t\t\t\t\t<\/a>\n\t\t\t\t\t<\/div>\n\t\t\t\t\t\t\t<\/div>\n\t\t\t\t\t\t<\/div>\n\t\t\t\t\t\t<\/div>\n\t\t\t\t<\/div>\n\t\t\t\t\t<\/div>\n\t\t\t\t<\/div>\n\t\t\t\t<\/div>","protected":false},"excerpt":{"rendered":"<p>SERVICIOS Conf\u00ede en nuestra experiencia para mantener sus espacios verdes impecables Construcci\u00f3n de Jardines Selecci\u00f3n de Plantas: Elegimos especies que se adapten al clima, suelo y est\u00e9tica del lugar, garantizando un crecimiento saludable. Instalaci\u00f3n de Elementos Decorativos: Incorporamos detalles como senderos, fuentes, p\u00e9rgolas y sistemas de iluminaci\u00f3n para realzar la belleza del jard\u00edn. Sistemas de [&hellip;]<\/p>\n","protected":false},"author":4,"featured_media":0,"parent":0,"menu_order":0,"comment_status":"closed","ping_status":"closed","template":"","meta":{"footnotes":""},"class_list":["post-17","page","type-page","status-publish","hentry"],"yoast_head":"<!-- This site is optimized with the Yoast SEO plugin v27.3 - https:\/\/yoast.com\/product\/yoast-seo-wordpress\/ -->\n<title>Servicios - Koyma Jardineria<\/title>\n<meta name=\"robots\" content=\"index, follow, max-snippet:-1, max-image-preview:large, max-video-preview:-1\" \/>\n<link rel=\"canonical\" href=\"https:\/\/koymajardineria.com\/eu\/servicios\/\" \/>\n<meta property=\"og:locale\" content=\"en_US\" \/>\n<meta property=\"og:type\" content=\"article\" \/>\n<meta property=\"og:title\" content=\"Servicios - Koyma Jardineria\" \/>\n<meta property=\"og:description\" content=\"SERVICIOS Conf\u00ede en nuestra experiencia para mantener sus espacios verdes impecables Construcci\u00f3n de Jardines Selecci\u00f3n de Plantas: Elegimos especies que se adapten al clima, suelo y est\u00e9tica del lugar, garantizando un crecimiento saludable. Instalaci\u00f3n de Elementos Decorativos: Incorporamos detalles como senderos, fuentes, p\u00e9rgolas y sistemas de iluminaci\u00f3n para realzar la belleza del jard\u00edn. Sistemas de [&hellip;]\" \/>\n<meta property=\"og:url\" content=\"https:\/\/koymajardineria.com\/eu\/servicios\/\" \/>\n<meta property=\"og:site_name\" content=\"Koyma Jardineria\" \/>\n<meta property=\"article:modified_time\" content=\"2025-01-17T12:15:10+00:00\" \/>\n<meta property=\"og:image\" content=\"https:\/\/koymajardineria.com\/wp-content\/uploads\/2025\/01\/IMG_20140606_140129-koldo-Onandia-Pedrajas-scaled.jpg\" \/>\n\t<meta property=\"og:image:width\" content=\"2560\" \/>\n\t<meta property=\"og:image:height\" content=\"1920\" \/>\n\t<meta property=\"og:image:type\" content=\"image\/jpeg\" \/>\n<meta name=\"twitter:card\" content=\"summary_large_image\" \/>\n<meta name=\"twitter:label1\" content=\"Est. reading time\" \/>\n\t<meta name=\"twitter:data1\" content=\"3 minutua\" \/>\n<script type=\"application\/ld+json\" class=\"yoast-schema-graph\">{\"@context\":\"https:\\\/\\\/schema.org\",\"@graph\":[{\"@type\":\"WebPage\",\"@id\":\"https:\\\/\\\/koymajardineria.com\\\/servicios\\\/\",\"url\":\"https:\\\/\\\/koymajardineria.com\\\/servicios\\\/\",\"name\":\"Servicios - Koyma Jardineria\",\"isPartOf\":{\"@id\":\"https:\\\/\\\/koymajardineria.com\\\/#website\"},\"primaryImageOfPage\":{\"@id\":\"https:\\\/\\\/koymajardineria.com\\\/servicios\\\/#primaryimage\"},\"image\":{\"@id\":\"https:\\\/\\\/koymajardineria.com\\\/servicios\\\/#primaryimage\"},\"thumbnailUrl\":\"https:\\\/\\\/koymajardineria.com\\\/wp-content\\\/uploads\\\/2025\\\/01\\\/IMG_20140606_140129-koldo-Onandia-Pedrajas-scaled.jpg\",\"datePublished\":\"2024-07-12T15:14:19+00:00\",\"dateModified\":\"2025-01-17T12:15:10+00:00\",\"breadcrumb\":{\"@id\":\"https:\\\/\\\/koymajardineria.com\\\/servicios\\\/#breadcrumb\"},\"inLanguage\":\"eu\",\"potentialAction\":[{\"@type\":\"ReadAction\",\"target\":[\"https:\\\/\\\/koymajardineria.com\\\/servicios\\\/\"]}]},{\"@type\":\"ImageObject\",\"inLanguage\":\"eu\",\"@id\":\"https:\\\/\\\/koymajardineria.com\\\/servicios\\\/#primaryimage\",\"url\":\"https:\\\/\\\/koymajardineria.com\\\/wp-content\\\/uploads\\\/2025\\\/01\\\/IMG_20140606_140129-koldo-Onandia-Pedrajas-scaled.jpg\",\"contentUrl\":\"https:\\\/\\\/koymajardineria.com\\\/wp-content\\\/uploads\\\/2025\\\/01\\\/IMG_20140606_140129-koldo-Onandia-Pedrajas-scaled.jpg\"},{\"@type\":\"BreadcrumbList\",\"@id\":\"https:\\\/\\\/koymajardineria.com\\\/servicios\\\/#breadcrumb\",\"itemListElement\":[{\"@type\":\"ListItem\",\"position\":1,\"name\":\"Portada\",\"item\":\"https:\\\/\\\/koymajardineria.com\\\/\"},{\"@type\":\"ListItem\",\"position\":2,\"name\":\"Servicios\"}]},{\"@type\":\"WebSite\",\"@id\":\"https:\\\/\\\/koymajardineria.com\\\/#website\",\"url\":\"https:\\\/\\\/koymajardineria.com\\\/\",\"name\":\"Koyma Jardineria\",\"description\":\"Construcci\u00f3n  y mantenimiento de jardines. Podas y desbroces\",\"publisher\":{\"@id\":\"https:\\\/\\\/koymajardineria.com\\\/#organization\"},\"potentialAction\":[{\"@type\":\"SearchAction\",\"target\":{\"@type\":\"EntryPoint\",\"urlTemplate\":\"https:\\\/\\\/koymajardineria.com\\\/?s={search_term_string}\"},\"query-input\":{\"@type\":\"PropertyValueSpecification\",\"valueRequired\":true,\"valueName\":\"search_term_string\"}}],\"inLanguage\":\"eu\"},{\"@type\":\"Organization\",\"@id\":\"https:\\\/\\\/koymajardineria.com\\\/#organization\",\"name\":\"Koyma Jardineria\",\"url\":\"https:\\\/\\\/koymajardineria.com\\\/\",\"logo\":{\"@type\":\"ImageObject\",\"inLanguage\":\"eu\",\"@id\":\"https:\\\/\\\/koymajardineria.com\\\/#\\\/schema\\\/logo\\\/image\\\/\",\"url\":\"https:\\\/\\\/koymajardineria.com\\\/wp-content\\\/uploads\\\/2025\\\/01\\\/cropped-Design-sem-nome.png\",\"contentUrl\":\"https:\\\/\\\/koymajardineria.com\\\/wp-content\\\/uploads\\\/2025\\\/01\\\/cropped-Design-sem-nome.png\",\"width\":500,\"height\":180,\"caption\":\"Koyma Jardineria\"},\"image\":{\"@id\":\"https:\\\/\\\/koymajardineria.com\\\/#\\\/schema\\\/logo\\\/image\\\/\"}}]}<\/script>\n<!-- \/ Yoast SEO plugin. -->","yoast_head_json":{"title":"Servicios - Koyma Jardineria","robots":{"index":"index","follow":"follow","max-snippet":"max-snippet:-1","max-image-preview":"max-image-preview:large","max-video-preview":"max-video-preview:-1"},"canonical":"https:\/\/koymajardineria.com\/eu\/servicios\/","og_locale":"en_US","og_type":"article","og_title":"Servicios - Koyma Jardineria","og_description":"SERVICIOS Conf\u00ede en nuestra experiencia para mantener sus espacios verdes impecables Construcci\u00f3n de Jardines Selecci\u00f3n de Plantas: Elegimos especies que se adapten al clima, suelo y est\u00e9tica del lugar, garantizando un crecimiento saludable. Instalaci\u00f3n de Elementos Decorativos: Incorporamos detalles como senderos, fuentes, p\u00e9rgolas y sistemas de iluminaci\u00f3n para realzar la belleza del jard\u00edn. Sistemas de [&hellip;]","og_url":"https:\/\/koymajardineria.com\/eu\/servicios\/","og_site_name":"Koyma Jardineria","article_modified_time":"2025-01-17T12:15:10+00:00","og_image":[{"width":2560,"height":1920,"url":"https:\/\/koymajardineria.com\/wp-content\/uploads\/2025\/01\/IMG_20140606_140129-koldo-Onandia-Pedrajas-scaled.jpg","type":"image\/jpeg"}],"twitter_card":"summary_large_image","twitter_misc":{"Est. reading time":"3 minutua"},"schema":{"@context":"https:\/\/schema.org","@graph":[{"@type":"WebPage","@id":"https:\/\/koymajardineria.com\/servicios\/","url":"https:\/\/koymajardineria.com\/servicios\/","name":"Servicios - Koyma Jardineria","isPartOf":{"@id":"https:\/\/koymajardineria.com\/#website"},"primaryImageOfPage":{"@id":"https:\/\/koymajardineria.com\/servicios\/#primaryimage"},"image":{"@id":"https:\/\/koymajardineria.com\/servicios\/#primaryimage"},"thumbnailUrl":"https:\/\/koymajardineria.com\/wp-content\/uploads\/2025\/01\/IMG_20140606_140129-koldo-Onandia-Pedrajas-scaled.jpg","datePublished":"2024-07-12T15:14:19+00:00","dateModified":"2025-01-17T12:15:10+00:00","breadcrumb":{"@id":"https:\/\/koymajardineria.com\/servicios\/#breadcrumb"},"inLanguage":"eu","potentialAction":[{"@type":"ReadAction","target":["https:\/\/koymajardineria.com\/servicios\/"]}]},{"@type":"ImageObject","inLanguage":"eu","@id":"https:\/\/koymajardineria.com\/servicios\/#primaryimage","url":"https:\/\/koymajardineria.com\/wp-content\/uploads\/2025\/01\/IMG_20140606_140129-koldo-Onandia-Pedrajas-scaled.jpg","contentUrl":"https:\/\/koymajardineria.com\/wp-content\/uploads\/2025\/01\/IMG_20140606_140129-koldo-Onandia-Pedrajas-scaled.jpg"},{"@type":"BreadcrumbList","@id":"https:\/\/koymajardineria.com\/servicios\/#breadcrumb","itemListElement":[{"@type":"ListItem","position":1,"name":"Portada","item":"https:\/\/koymajardineria.com\/"},{"@type":"ListItem","position":2,"name":"Servicios"}]},{"@type":"WebSite","@id":"https:\/\/koymajardineria.com\/#website","url":"https:\/\/koymajardineria.com\/","name":"Koyma Lorezaintza","description":"Construcci\u00f3n  y mantenimiento de jardines. Podas y desbroces","publisher":{"@id":"https:\/\/koymajardineria.com\/#organization"},"potentialAction":[{"@type":"SearchAction","target":{"@type":"EntryPoint","urlTemplate":"https:\/\/koymajardineria.com\/?s={search_term_string}"},"query-input":{"@type":"PropertyValueSpecification","valueRequired":true,"valueName":"search_term_string"}}],"inLanguage":"eu"},{"@type":"Organization","@id":"https:\/\/koymajardineria.com\/#organization","name":"Koyma Lorezaintza","url":"https:\/\/koymajardineria.com\/","logo":{"@type":"ImageObject","inLanguage":"eu","@id":"https:\/\/koymajardineria.com\/#\/schema\/logo\/image\/","url":"https:\/\/koymajardineria.com\/wp-content\/uploads\/2025\/01\/cropped-Design-sem-nome.png","contentUrl":"https:\/\/koymajardineria.com\/wp-content\/uploads\/2025\/01\/cropped-Design-sem-nome.png","width":500,"height":180,"caption":"Koyma Jardineria"},"image":{"@id":"https:\/\/koymajardineria.com\/#\/schema\/logo\/image\/"}}]}},"_links":{"self":[{"href":"https:\/\/koymajardineria.com\/eu\/wp-json\/wp\/v2\/pages\/17","targetHints":{"allow":["GET"]}}],"collection":[{"href":"https:\/\/koymajardineria.com\/eu\/wp-json\/wp\/v2\/pages"}],"about":[{"href":"https:\/\/koymajardineria.com\/eu\/wp-json\/wp\/v2\/types\/page"}],"author":[{"embeddable":true,"href":"https:\/\/koymajardineria.com\/eu\/wp-json\/wp\/v2\/users\/4"}],"replies":[{"embeddable":true,"href":"https:\/\/koymajardineria.com\/eu\/wp-json\/wp\/v2\/comments?post=17"}],"version-history":[{"count":135,"href":"https:\/\/koymajardineria.com\/eu\/wp-json\/wp\/v2\/pages\/17\/revisions"}],"predecessor-version":[{"id":945,"href":"https:\/\/koymajardineria.com\/eu\/wp-json\/wp\/v2\/pages\/17\/revisions\/945"}],"wp:attachment":[{"href":"https:\/\/koymajardineria.com\/eu\/wp-json\/wp\/v2\/media?parent=17"}],"curies":[{"name":"wp","href":"https:\/\/api.w.org\/{rel}","templated":true}]}}