{"id":2,"date":"2024-07-09T15:59:10","date_gmt":"2024-07-09T15:59:10","guid":{"rendered":"https:\/\/bararias.rkinformatika.online\/?page_id=2"},"modified":"2025-01-17T11:54:35","modified_gmt":"2025-01-17T11:54:35","slug":"inicio","status":"publish","type":"page","link":"https:\/\/koymajardineria.com\/eu\/","title":{"rendered":"Hasiera"},"content":{"rendered":"<div data-elementor-type=\"wp-page\" data-elementor-id=\"2\" class=\"elementor elementor-2\" data-elementor-post-type=\"page\">\n\t\t\t\t\t\t<section class=\"elementor-section elementor-top-section elementor-element elementor-element-b7c46c5 elementor-section-boxed elementor-section-height-default elementor-section-height-default\" data-id=\"b7c46c5\" data-element_type=\"section\" data-e-type=\"section\" data-settings=\"{&quot;background_background&quot;:&quot;classic&quot;}\">\n\t\t\t\t\t\t\t<div class=\"elementor-background-overlay\"><\/div>\n\t\t\t\t\t\t\t<div class=\"elementor-container elementor-column-gap-default\">\n\t\t\t\t\t<div class=\"elementor-column elementor-col-100 elementor-top-column elementor-element elementor-element-2496a13\" data-id=\"2496a13\" data-element_type=\"column\" data-e-type=\"column\">\n\t\t\t<div class=\"elementor-widget-wrap elementor-element-populated\">\n\t\t\t\t\t\t<div class=\"elementor-element elementor-element-1c2fbf1 animated-slow elementor-invisible elementor-widget elementor-widget-heading\" data-id=\"1c2fbf1\" data-element_type=\"widget\" data-e-type=\"widget\" data-settings=\"{&quot;_animation&quot;:&quot;fadeIn&quot;,&quot;_animation_delay&quot;:0}\" data-widget_type=\"heading.default\">\n\t\t\t\t<div class=\"elementor-widget-container\">\n\t\t\t\t\t<h2 class=\"elementor-heading-title elementor-size-default\">Koyma Lorezaintza<\/h2>\t\t\t\t<\/div>\n\t\t\t\t<\/div>\n\t\t\t\t\t<\/div>\n\t\t<\/div>\n\t\t\t\t\t<\/div>\n\t\t<\/section>\n\t\t<div class=\"elementor-element elementor-element-ddd59f6 e-flex e-con-boxed e-con e-parent\" data-id=\"ddd59f6\" data-element_type=\"container\" data-e-type=\"container\">\n\t\t\t\t\t<div class=\"e-con-inner\">\n\t\t\t\t<div class=\"elementor-element elementor-element-35beffc elementor-widget elementor-widget-heading\" data-id=\"35beffc\" data-element_type=\"widget\" data-e-type=\"widget\" data-widget_type=\"heading.default\">\n\t\t\t\t<div class=\"elementor-widget-container\">\n\t\t\t\t\t<h2 class=\"elementor-heading-title elementor-size-default\">25 urte baino gehiago berdeguneak edertzen<\/h2>\t\t\t\t<\/div>\n\t\t\t\t<\/div>\n\t\t\t\t\t<\/div>\n\t\t\t\t<\/div>\n\t\t<div class=\"elementor-element elementor-element-62526b8 elementor-hidden-tablet e-flex e-con-boxed e-con e-parent\" data-id=\"62526b8\" data-element_type=\"container\" data-e-type=\"container\">\n\t\t\t\t\t<div class=\"e-con-inner\">\n\t\t<div class=\"elementor-element elementor-element-738eb90 e-con-full e-flex e-con e-child\" data-id=\"738eb90\" data-element_type=\"container\" data-e-type=\"container\">\n\t\t\t\t<div class=\"elementor-element elementor-element-43cb29e elementor-widget elementor-widget-image\" data-id=\"43cb29e\" data-element_type=\"widget\" data-e-type=\"widget\" data-widget_type=\"image.default\">\n\t\t\t\t<div class=\"elementor-widget-container\">\n\t\t\t\t\t\t\t\t\t\t\t\t\t\t\t<img fetchpriority=\"high\" decoding=\"async\" width=\"800\" height=\"531\" src=\"https:\/\/koymajardineria.com\/wp-content\/uploads\/2025\/01\/P1010849-koldo-Onandia-Pedrajas-1024x680.jpg\" class=\"attachment-large size-large wp-image-796\" alt=\"\" srcset=\"https:\/\/koymajardineria.com\/wp-content\/uploads\/2025\/01\/P1010849-koldo-Onandia-Pedrajas-1024x680.jpg 1024w, https:\/\/koymajardineria.com\/wp-content\/uploads\/2025\/01\/P1010849-koldo-Onandia-Pedrajas-300x199.jpg 300w, https:\/\/koymajardineria.com\/wp-content\/uploads\/2025\/01\/P1010849-koldo-Onandia-Pedrajas-768x510.jpg 768w, https:\/\/koymajardineria.com\/wp-content\/uploads\/2025\/01\/P1010849-koldo-Onandia-Pedrajas-1536x1020.jpg 1536w, https:\/\/koymajardineria.com\/wp-content\/uploads\/2025\/01\/P1010849-koldo-Onandia-Pedrajas-18x12.jpg 18w, https:\/\/koymajardineria.com\/wp-content\/uploads\/2025\/01\/P1010849-koldo-Onandia-Pedrajas.jpg 2048w\" sizes=\"(max-width: 800px) 100vw, 800px\" \/>\t\t\t\t\t\t\t\t\t\t\t\t\t\t\t<\/div>\n\t\t\t\t<\/div>\n\t\t\t\t<\/div>\n\t\t<div class=\"elementor-element elementor-element-3294ba4 e-con-full e-flex e-con e-child\" data-id=\"3294ba4\" data-element_type=\"container\" data-e-type=\"container\">\n\t\t<div class=\"elementor-element elementor-element-f418896 e-con-full e-flex e-con e-child\" data-id=\"f418896\" data-element_type=\"container\" data-e-type=\"container\">\n\t\t\t\t<div class=\"elementor-element elementor-element-5925fa0 elementor-widget elementor-widget-text-editor\" data-id=\"5925fa0\" data-element_type=\"widget\" data-e-type=\"widget\" data-widget_type=\"text-editor.default\">\n\t\t\t\t<div class=\"elementor-widget-container\">\n\t\t\t\t\t\t\t\t\t<p><strong>Koyma Lorezaintza: 25 urte baino gehiago daramatzagu lorategiak eraldatzen eta zaintzen, pasioz, profesionaltasunez eta xehetasunei arreta eskainiz.<\/strong><\/p><p>Koyma Lorezaintza enpresan 25 urte baino gehiagoko esperientzia dugu lorategiak eraikitzen eta mantentzen. Gune berdeak pasioz, profesionaltasunez eta xehetasunei arreta jarriz eraldatzen eta zaintzen ditugu.<\/p><p>Konpromisoz eta dedikazioz lan egiten dugu proiektu bakoitzean emaitza bikainak bermatzeko, bai lorategi pribatu batean, bai merkataritza espazio batean, bai eremu komun batean.<\/p>\t\t\t\t\t\t\t\t<\/div>\n\t\t\t\t<\/div>\n\t\t\t\t<\/div>\n\t\t\t\t<\/div>\n\t\t\t\t\t<\/div>\n\t\t\t\t<\/div>\n\t\t<div class=\"elementor-element elementor-element-2e80433 elementor-hidden-desktop elementor-hidden-mobile e-flex e-con-boxed e-con e-parent\" data-id=\"2e80433\" data-element_type=\"container\" data-e-type=\"container\">\n\t\t\t\t\t<div class=\"e-con-inner\">\n\t\t<div class=\"elementor-element elementor-element-8f7966e e-con-full e-flex e-con e-child\" data-id=\"8f7966e\" data-element_type=\"container\" data-e-type=\"container\">\n\t\t\t\t<div class=\"elementor-element elementor-element-423627c elementor-widget elementor-widget-image\" data-id=\"423627c\" data-element_type=\"widget\" data-e-type=\"widget\" data-widget_type=\"image.default\">\n\t\t\t\t<div class=\"elementor-widget-container\">\n\t\t\t\t\t\t\t\t\t\t\t\t\t\t\t<img fetchpriority=\"high\" decoding=\"async\" width=\"800\" height=\"531\" src=\"https:\/\/koymajardineria.com\/wp-content\/uploads\/2025\/01\/P1010849-koldo-Onandia-Pedrajas-1024x680.jpg\" class=\"attachment-large size-large wp-image-796\" alt=\"\" srcset=\"https:\/\/koymajardineria.com\/wp-content\/uploads\/2025\/01\/P1010849-koldo-Onandia-Pedrajas-1024x680.jpg 1024w, https:\/\/koymajardineria.com\/wp-content\/uploads\/2025\/01\/P1010849-koldo-Onandia-Pedrajas-300x199.jpg 300w, https:\/\/koymajardineria.com\/wp-content\/uploads\/2025\/01\/P1010849-koldo-Onandia-Pedrajas-768x510.jpg 768w, https:\/\/koymajardineria.com\/wp-content\/uploads\/2025\/01\/P1010849-koldo-Onandia-Pedrajas-1536x1020.jpg 1536w, https:\/\/koymajardineria.com\/wp-content\/uploads\/2025\/01\/P1010849-koldo-Onandia-Pedrajas-18x12.jpg 18w, https:\/\/koymajardineria.com\/wp-content\/uploads\/2025\/01\/P1010849-koldo-Onandia-Pedrajas.jpg 2048w\" sizes=\"(max-width: 800px) 100vw, 800px\" \/>\t\t\t\t\t\t\t\t\t\t\t\t\t\t\t<\/div>\n\t\t\t\t<\/div>\n\t\t\t\t<\/div>\n\t\t<div class=\"elementor-element elementor-element-8ccc2e8 e-con-full e-flex e-con e-child\" data-id=\"8ccc2e8\" data-element_type=\"container\" data-e-type=\"container\">\n\t\t<div class=\"elementor-element elementor-element-979976b e-con-full e-flex e-con e-child\" data-id=\"979976b\" data-element_type=\"container\" data-e-type=\"container\">\n\t\t\t\t<div class=\"elementor-element elementor-element-a7ff457 elementor-widget elementor-widget-text-editor\" data-id=\"a7ff457\" data-element_type=\"widget\" data-e-type=\"widget\" data-widget_type=\"text-editor.default\">\n\t\t\t\t<div class=\"elementor-widget-container\">\n\t\t\t\t\t\t\t\t\t<p><strong>Koyma Lorezaintza: 25 urte baino gehiago daramatzagu lorategiak eraldatzen eta zaintzen, pasioz, profesionaltasunez eta xehetasunei arreta eskainiz.<\/strong><\/p><p>Koyma Lorezaintza enpresan 25 urte baino gehiagoko esperientzia dugu lorategiak eraikitzen eta mantentzen. Gune berdeak pasioz, profesionaltasunez eta xehetasunei arreta jarriz eraldatzen eta zaintzen ditugu.<\/p><p>Konpromisoz eta dedikazioz lan egiten dugu proiektu bakoitzean emaitza bikainak bermatzeko, bai lorategi pribatu batean, bai merkataritza espazio batean, bai eremu komun batean.<\/p>\t\t\t\t\t\t\t\t<\/div>\n\t\t\t\t<\/div>\n\t\t\t\t<\/div>\n\t\t\t\t<\/div>\n\t\t\t\t\t<\/div>\n\t\t\t\t<\/div>\n\t\t<div class=\"elementor-element elementor-element-46a0bc9 e-flex e-con-boxed e-con e-parent\" data-id=\"46a0bc9\" data-element_type=\"container\" data-e-type=\"container\">\n\t\t\t\t\t<div class=\"e-con-inner\">\n\t\t\t\t<div class=\"elementor-element elementor-element-1ba0e26 elementor-cta--skin-classic elementor-animated-content elementor-bg-transform elementor-bg-transform-zoom-in elementor-widget elementor-widget-call-to-action\" data-id=\"1ba0e26\" data-element_type=\"widget\" data-e-type=\"widget\" data-widget_type=\"call-to-action.default\">\n\t\t\t\t<div class=\"elementor-widget-container\">\n\t\t\t\t\t\t\t<div class=\"elementor-cta\">\n\t\t\t\t\t<div class=\"elementor-cta__bg-wrapper\">\n\t\t\t\t<div class=\"elementor-cta__bg elementor-bg\" style=\"background-image: url(https:\/\/koymajardineria.com\/wp-content\/uploads\/2025\/01\/2148905279-1024x683.jpg);\" role=\"img\" aria-label=\"2148905279\"><\/div>\n\t\t\t\t<div class=\"elementor-cta__bg-overlay\"><\/div>\n\t\t\t<\/div>\n\t\t\t\t\t\t\t<div class=\"elementor-cta__content\">\n\t\t\t\t\n\t\t\t\t\t\t\t\t\t<h2 class=\"elementor-cta__title elementor-cta__content-item elementor-content-item\">\n\t\t\t\t\t\tKonfiantza Gugan: Lorezaintzako Zure Aukerarik Onena\t\t\t\t\t<\/h2>\n\t\t\t\t\n\t\t\t\t\n\t\t\t\t\t\t\t\t\t<div class=\"elementor-cta__button-wrapper elementor-cta__content-item elementor-content-item\">\n\t\t\t\t\t<a class=\"elementor-cta__button elementor-button elementor-size-\" href=\"https:\/\/koymajardineria.com\/eu\/galeria\/\">\n\t\t\t\t\t\tZerbitzuak\t\t\t\t\t<\/a>\n\t\t\t\t\t<\/div>\n\t\t\t\t\t\t\t<\/div>\n\t\t\t\t\t\t<\/div>\n\t\t\t\t\t\t<\/div>\n\t\t\t\t<\/div>\n\t\t\t\t\t<\/div>\n\t\t\t\t<\/div>\n\t\t\t\t<\/div>","protected":false},"excerpt":{"rendered":"<p>Koyma Jardineria M\u00e1s de 25 A\u00f1os Embelleciendo Espacios Verdes Koyma Jardiner\u00eda: M\u00e1s de 25 A\u00f1os transformamos y cuidamos jardines con pasi\u00f3n, profesionalismo y atenci\u00f3n al detalle. En Koyma Jardiner\u00eda, somos una empresa con m\u00e1s de 25 a\u00f1os de experiencia en la construcci\u00f3n y mantenimiento de jardines. Nos dedicamos a transformar y cuidar espacios verdes con [&hellip;]<\/p>\n","protected":false},"author":4,"featured_media":0,"parent":0,"menu_order":0,"comment_status":"closed","ping_status":"closed","template":"","meta":{"footnotes":""},"class_list":["post-2","page","type-page","status-publish","hentry"],"yoast_head":"<!-- This site is optimized with the Yoast SEO plugin v27.3 - https:\/\/yoast.com\/product\/yoast-seo-wordpress\/ -->\n<title>Inicio - Koyma Jardineria<\/title>\n<meta name=\"robots\" content=\"index, follow, max-snippet:-1, max-image-preview:large, max-video-preview:-1\" \/>\n<link rel=\"canonical\" href=\"https:\/\/koymajardineria.com\/eu\/\" \/>\n<meta property=\"og:locale\" content=\"en_US\" \/>\n<meta property=\"og:type\" content=\"article\" \/>\n<meta property=\"og:title\" content=\"Inicio - Koyma Jardineria\" \/>\n<meta property=\"og:description\" content=\"Koyma Jardineria M\u00e1s de 25 A\u00f1os Embelleciendo Espacios Verdes Koyma Jardiner\u00eda: M\u00e1s de 25 A\u00f1os transformamos y cuidamos jardines con pasi\u00f3n, profesionalismo y atenci\u00f3n al detalle. En Koyma Jardiner\u00eda, somos una empresa con m\u00e1s de 25 a\u00f1os de experiencia en la construcci\u00f3n y mantenimiento de jardines. Nos dedicamos a transformar y cuidar espacios verdes con [&hellip;]\" \/>\n<meta property=\"og:url\" content=\"https:\/\/koymajardineria.com\/eu\/\" \/>\n<meta property=\"og:site_name\" content=\"Koyma Jardineria\" \/>\n<meta property=\"article:modified_time\" content=\"2025-01-17T11:54:35+00:00\" \/>\n<meta property=\"og:image\" content=\"https:\/\/koymajardineria.com\/wp-content\/uploads\/2025\/01\/P1010849-koldo-Onandia-Pedrajas.jpg\" \/>\n\t<meta property=\"og:image:width\" content=\"2048\" \/>\n\t<meta property=\"og:image:height\" content=\"1360\" \/>\n\t<meta property=\"og:image:type\" content=\"image\/jpeg\" \/>\n<meta name=\"twitter:card\" content=\"summary_large_image\" \/>\n<meta name=\"twitter:label1\" content=\"Est. reading time\" \/>\n\t<meta name=\"twitter:data1\" content=\"2 minutua\" \/>\n<script type=\"application\/ld+json\" class=\"yoast-schema-graph\">{\"@context\":\"https:\\\/\\\/schema.org\",\"@graph\":[{\"@type\":\"WebPage\",\"@id\":\"https:\\\/\\\/koymajardineria.com\\\/\",\"url\":\"https:\\\/\\\/koymajardineria.com\\\/\",\"name\":\"Inicio - Koyma Jardineria\",\"isPartOf\":{\"@id\":\"https:\\\/\\\/koymajardineria.com\\\/#website\"},\"primaryImageOfPage\":{\"@id\":\"https:\\\/\\\/koymajardineria.com\\\/#primaryimage\"},\"image\":{\"@id\":\"https:\\\/\\\/koymajardineria.com\\\/#primaryimage\"},\"thumbnailUrl\":\"https:\\\/\\\/koymajardineria.com\\\/wp-content\\\/uploads\\\/2025\\\/01\\\/P1010849-koldo-Onandia-Pedrajas-1024x680.jpg\",\"datePublished\":\"2024-07-09T15:59:10+00:00\",\"dateModified\":\"2025-01-17T11:54:35+00:00\",\"breadcrumb\":{\"@id\":\"https:\\\/\\\/koymajardineria.com\\\/#breadcrumb\"},\"inLanguage\":\"eu\",\"potentialAction\":[{\"@type\":\"ReadAction\",\"target\":[\"https:\\\/\\\/koymajardineria.com\\\/\"]}]},{\"@type\":\"ImageObject\",\"inLanguage\":\"eu\",\"@id\":\"https:\\\/\\\/koymajardineria.com\\\/#primaryimage\",\"url\":\"https:\\\/\\\/koymajardineria.com\\\/wp-content\\\/uploads\\\/2025\\\/01\\\/P1010849-koldo-Onandia-Pedrajas-1024x680.jpg\",\"contentUrl\":\"https:\\\/\\\/koymajardineria.com\\\/wp-content\\\/uploads\\\/2025\\\/01\\\/P1010849-koldo-Onandia-Pedrajas-1024x680.jpg\"},{\"@type\":\"BreadcrumbList\",\"@id\":\"https:\\\/\\\/koymajardineria.com\\\/#breadcrumb\",\"itemListElement\":[{\"@type\":\"ListItem\",\"position\":1,\"name\":\"Portada\",\"item\":\"https:\\\/\\\/koymajardineria.com\\\/\"},{\"@type\":\"ListItem\",\"position\":2,\"name\":\"Inicio\"}]},{\"@type\":\"WebSite\",\"@id\":\"https:\\\/\\\/koymajardineria.com\\\/#website\",\"url\":\"https:\\\/\\\/koymajardineria.com\\\/\",\"name\":\"Koyma Jardineria\",\"description\":\"Construcci\u00f3n  y mantenimiento de jardines. Podas y desbroces\",\"publisher\":{\"@id\":\"https:\\\/\\\/koymajardineria.com\\\/#organization\"},\"potentialAction\":[{\"@type\":\"SearchAction\",\"target\":{\"@type\":\"EntryPoint\",\"urlTemplate\":\"https:\\\/\\\/koymajardineria.com\\\/?s={search_term_string}\"},\"query-input\":{\"@type\":\"PropertyValueSpecification\",\"valueRequired\":true,\"valueName\":\"search_term_string\"}}],\"inLanguage\":\"eu\"},{\"@type\":\"Organization\",\"@id\":\"https:\\\/\\\/koymajardineria.com\\\/#organization\",\"name\":\"Koyma Jardineria\",\"url\":\"https:\\\/\\\/koymajardineria.com\\\/\",\"logo\":{\"@type\":\"ImageObject\",\"inLanguage\":\"eu\",\"@id\":\"https:\\\/\\\/koymajardineria.com\\\/#\\\/schema\\\/logo\\\/image\\\/\",\"url\":\"https:\\\/\\\/koymajardineria.com\\\/wp-content\\\/uploads\\\/2025\\\/01\\\/cropped-Design-sem-nome.png\",\"contentUrl\":\"https:\\\/\\\/koymajardineria.com\\\/wp-content\\\/uploads\\\/2025\\\/01\\\/cropped-Design-sem-nome.png\",\"width\":500,\"height\":180,\"caption\":\"Koyma Jardineria\"},\"image\":{\"@id\":\"https:\\\/\\\/koymajardineria.com\\\/#\\\/schema\\\/logo\\\/image\\\/\"}}]}<\/script>\n<!-- \/ Yoast SEO plugin. -->","yoast_head_json":{"title":"Inicio - Koyma Jardineria","robots":{"index":"index","follow":"follow","max-snippet":"max-snippet:-1","max-image-preview":"max-image-preview:large","max-video-preview":"max-video-preview:-1"},"canonical":"https:\/\/koymajardineria.com\/eu\/","og_locale":"en_US","og_type":"article","og_title":"Inicio - Koyma Jardineria","og_description":"Koyma Jardineria M\u00e1s de 25 A\u00f1os Embelleciendo Espacios Verdes Koyma Jardiner\u00eda: M\u00e1s de 25 A\u00f1os transformamos y cuidamos jardines con pasi\u00f3n, profesionalismo y atenci\u00f3n al detalle. En Koyma Jardiner\u00eda, somos una empresa con m\u00e1s de 25 a\u00f1os de experiencia en la construcci\u00f3n y mantenimiento de jardines. Nos dedicamos a transformar y cuidar espacios verdes con [&hellip;]","og_url":"https:\/\/koymajardineria.com\/eu\/","og_site_name":"Koyma Jardineria","article_modified_time":"2025-01-17T11:54:35+00:00","og_image":[{"width":2048,"height":1360,"url":"https:\/\/koymajardineria.com\/wp-content\/uploads\/2025\/01\/P1010849-koldo-Onandia-Pedrajas.jpg","type":"image\/jpeg"}],"twitter_card":"summary_large_image","twitter_misc":{"Est. reading time":"2 minutua"},"schema":{"@context":"https:\/\/schema.org","@graph":[{"@type":"WebPage","@id":"https:\/\/koymajardineria.com\/","url":"https:\/\/koymajardineria.com\/","name":"Inicio - Koyma Jardineria","isPartOf":{"@id":"https:\/\/koymajardineria.com\/#website"},"primaryImageOfPage":{"@id":"https:\/\/koymajardineria.com\/#primaryimage"},"image":{"@id":"https:\/\/koymajardineria.com\/#primaryimage"},"thumbnailUrl":"https:\/\/koymajardineria.com\/wp-content\/uploads\/2025\/01\/P1010849-koldo-Onandia-Pedrajas-1024x680.jpg","datePublished":"2024-07-09T15:59:10+00:00","dateModified":"2025-01-17T11:54:35+00:00","breadcrumb":{"@id":"https:\/\/koymajardineria.com\/#breadcrumb"},"inLanguage":"eu","potentialAction":[{"@type":"ReadAction","target":["https:\/\/koymajardineria.com\/"]}]},{"@type":"ImageObject","inLanguage":"eu","@id":"https:\/\/koymajardineria.com\/#primaryimage","url":"https:\/\/koymajardineria.com\/wp-content\/uploads\/2025\/01\/P1010849-koldo-Onandia-Pedrajas-1024x680.jpg","contentUrl":"https:\/\/koymajardineria.com\/wp-content\/uploads\/2025\/01\/P1010849-koldo-Onandia-Pedrajas-1024x680.jpg"},{"@type":"BreadcrumbList","@id":"https:\/\/koymajardineria.com\/#breadcrumb","itemListElement":[{"@type":"ListItem","position":1,"name":"Portada","item":"https:\/\/koymajardineria.com\/"},{"@type":"ListItem","position":2,"name":"Inicio"}]},{"@type":"WebSite","@id":"https:\/\/koymajardineria.com\/#website","url":"https:\/\/koymajardineria.com\/","name":"Koyma Lorezaintza","description":"Construcci\u00f3n  y mantenimiento de jardines. Podas y desbroces","publisher":{"@id":"https:\/\/koymajardineria.com\/#organization"},"potentialAction":[{"@type":"SearchAction","target":{"@type":"EntryPoint","urlTemplate":"https:\/\/koymajardineria.com\/?s={search_term_string}"},"query-input":{"@type":"PropertyValueSpecification","valueRequired":true,"valueName":"search_term_string"}}],"inLanguage":"eu"},{"@type":"Organization","@id":"https:\/\/koymajardineria.com\/#organization","name":"Koyma Lorezaintza","url":"https:\/\/koymajardineria.com\/","logo":{"@type":"ImageObject","inLanguage":"eu","@id":"https:\/\/koymajardineria.com\/#\/schema\/logo\/image\/","url":"https:\/\/koymajardineria.com\/wp-content\/uploads\/2025\/01\/cropped-Design-sem-nome.png","contentUrl":"https:\/\/koymajardineria.com\/wp-content\/uploads\/2025\/01\/cropped-Design-sem-nome.png","width":500,"height":180,"caption":"Koyma Jardineria"},"image":{"@id":"https:\/\/koymajardineria.com\/#\/schema\/logo\/image\/"}}]}},"_links":{"self":[{"href":"https:\/\/koymajardineria.com\/eu\/wp-json\/wp\/v2\/pages\/2","targetHints":{"allow":["GET"]}}],"collection":[{"href":"https:\/\/koymajardineria.com\/eu\/wp-json\/wp\/v2\/pages"}],"about":[{"href":"https:\/\/koymajardineria.com\/eu\/wp-json\/wp\/v2\/types\/page"}],"author":[{"embeddable":true,"href":"https:\/\/koymajardineria.com\/eu\/wp-json\/wp\/v2\/users\/4"}],"replies":[{"embeddable":true,"href":"https:\/\/koymajardineria.com\/eu\/wp-json\/wp\/v2\/comments?post=2"}],"version-history":[{"count":184,"href":"https:\/\/koymajardineria.com\/eu\/wp-json\/wp\/v2\/pages\/2\/revisions"}],"predecessor-version":[{"id":952,"href":"https:\/\/koymajardineria.com\/eu\/wp-json\/wp\/v2\/pages\/2\/revisions\/952"}],"wp:attachment":[{"href":"https:\/\/koymajardineria.com\/eu\/wp-json\/wp\/v2\/media?parent=2"}],"curies":[{"name":"wp","href":"https:\/\/api.w.org\/{rel}","templated":true}]}}